{"id":205,"date":"2014-05-30T08:42:12","date_gmt":"2014-05-30T08:42:12","guid":{"rendered":"http:\/\/pixelgrade.com\/demos\/rosa2\/?page_id=5"},"modified":"2025-07-25T11:06:49","modified_gmt":"2025-07-25T09:06:49","slug":"accueil","status":"publish","type":"page","link":"https:\/\/eric-roy.eu\/","title":{"rendered":"Accueil"},"content":{"rendered":"\t<div class=\"pixcode  pixcode--grid  grid\" >\n\t\t\n<p>&nbsp;<\/p>\n\t<div class=\"island grid__item six-twelfths palm-one-whole\" >\n\t\t\n<hgroup class=\"pixcode  pixcode--heading article__headline\">\n\t<h2 class=\"headline__secondary\"><span class=\"first-letter\">N<\/span>otre<\/h2>\n\t<h1 class=\"headline__primary\">Histoire<\/h1>\n<\/hgroup>\n<div class=\"pixcode  pixcode--separator  separator separator--flower separator_color--color\">&#10043;<\/div>\n\n<p style=\"text-align: center;\">Nous vous accueillons dans notre boulangerie p\u00e2tisserie pour satisfaire vos envies et votre gourmandise. Nous sommes artisan p\u00e2tissier et depuis 2001, la Maison Roy vous sert, chaque jour avec le sourire, des produits de grande qualit\u00e9 fait maison. Actuellement, 43 salari\u00e9s font partis de l&#8217;entreprise.<\/p>\n<p style=\"text-align: center;\"><a  class=\"pixcode  pixcode--btn  btn  btn--text\" href=\"\/index.php\/patisserie\/#portrait-e-roy\" >Portrait Eric Roy<\/a>\n\t<\/div>\n\t<div class=\"grid__item three-twelfths palm-one-whole\" >\n\t\t\n<p><img loading=\"lazy\" decoding=\"async\" class=\"alignnone size-medium wp-image-1081\" src=\"http:\/\/eric-roy.eu\/wp-content\/uploads\/2017\/11\/maison-eric-roy-auxerre-dirigeant-e1511523818744-300x300.jpg\" alt=\"\" width=\"300\" height=\"300\" srcset=\"https:\/\/eric-roy.eu\/wp-content\/uploads\/2017\/11\/maison-eric-roy-auxerre-dirigeant-e1511523818744-300x300.jpg 300w, https:\/\/eric-roy.eu\/wp-content\/uploads\/2017\/11\/maison-eric-roy-auxerre-dirigeant-e1511523818744-100x100.jpg 100w, https:\/\/eric-roy.eu\/wp-content\/uploads\/2017\/11\/maison-eric-roy-auxerre-dirigeant-e1511523818744-150x150.jpg 150w, https:\/\/eric-roy.eu\/wp-content\/uploads\/2017\/11\/maison-eric-roy-auxerre-dirigeant-e1511523818744.jpg 400w\" sizes=\"auto, (max-width: 300px) 100vw, 300px\" \/><\/p>\n<p><img loading=\"lazy\" decoding=\"async\" class=\"alignnone size-medium wp-image-1056\" src=\"https:\/\/eric-roy.eu\/wp-content\/uploads\/2017\/11\/maison-eric-roy-patisserie-auxerre-mariage-naked-cake-gateau-e1511794913175-300x300.jpg\" alt=\"\" width=\"300\" height=\"300\" srcset=\"https:\/\/eric-roy.eu\/wp-content\/uploads\/2017\/11\/maison-eric-roy-patisserie-auxerre-mariage-naked-cake-gateau-e1511794913175-300x300.jpg 300w, https:\/\/eric-roy.eu\/wp-content\/uploads\/2017\/11\/maison-eric-roy-patisserie-auxerre-mariage-naked-cake-gateau-e1511794913175-100x100.jpg 100w, https:\/\/eric-roy.eu\/wp-content\/uploads\/2017\/11\/maison-eric-roy-patisserie-auxerre-mariage-naked-cake-gateau-e1511794913175-150x150.jpg 150w, https:\/\/eric-roy.eu\/wp-content\/uploads\/2017\/11\/maison-eric-roy-patisserie-auxerre-mariage-naked-cake-gateau-e1511794913175.jpg 399w\" sizes=\"auto, (max-width: 300px) 100vw, 300px\" \/><\/p>\n\t<\/div>\n\t<div class=\"grid__item three-twelfths palm-one-whole\" >\n\t\t\n<p><img loading=\"lazy\" decoding=\"async\" class=\"alignnone size-medium wp-image-1087\" src=\"http:\/\/eric-roy.eu\/wp-content\/uploads\/2017\/11\/maison-eric-roy-auxerre-patissier-pierre-edouard-e1511524039662-300x300.jpg\" alt=\"\" width=\"300\" height=\"300\" srcset=\"https:\/\/eric-roy.eu\/wp-content\/uploads\/2017\/11\/maison-eric-roy-auxerre-patissier-pierre-edouard-e1511524039662-300x300.jpg 300w, https:\/\/eric-roy.eu\/wp-content\/uploads\/2017\/11\/maison-eric-roy-auxerre-patissier-pierre-edouard-e1511524039662-100x100.jpg 100w, https:\/\/eric-roy.eu\/wp-content\/uploads\/2017\/11\/maison-eric-roy-auxerre-patissier-pierre-edouard-e1511524039662-150x150.jpg 150w, https:\/\/eric-roy.eu\/wp-content\/uploads\/2017\/11\/maison-eric-roy-auxerre-patissier-pierre-edouard-e1511524039662.jpg 400w\" sizes=\"auto, (max-width: 300px) 100vw, 300px\" \/><\/p>\n<p><img loading=\"lazy\" decoding=\"async\" class=\"alignnone size-medium wp-image-1088\" src=\"http:\/\/eric-roy.eu\/wp-content\/uploads\/2017\/11\/maison-eric-roy-patisserie-auxerre-boutique-e1511523936863-300x300.jpg\" alt=\"\" width=\"300\" height=\"300\" srcset=\"https:\/\/eric-roy.eu\/wp-content\/uploads\/2017\/11\/maison-eric-roy-patisserie-auxerre-boutique-e1511523936863-300x300.jpg 300w, https:\/\/eric-roy.eu\/wp-content\/uploads\/2017\/11\/maison-eric-roy-patisserie-auxerre-boutique-e1511523936863-100x100.jpg 100w, https:\/\/eric-roy.eu\/wp-content\/uploads\/2017\/11\/maison-eric-roy-patisserie-auxerre-boutique-e1511523936863-150x150.jpg 150w, https:\/\/eric-roy.eu\/wp-content\/uploads\/2017\/11\/maison-eric-roy-patisserie-auxerre-boutique-e1511523936863.jpg 400w\" sizes=\"auto, (max-width: 300px) 100vw, 300px\" \/><\/p>\n\t<\/div>\n\t<\/div>\n\n","protected":false},"excerpt":{"rendered":"","protected":false},"author":1,"featured_media":1919,"parent":0,"menu_order":0,"comment_status":"closed","ping_status":"closed","template":"","meta":{"_exactmetrics_skip_tracking":false,"_exactmetrics_sitenote_active":false,"_exactmetrics_sitenote_note":"","_exactmetrics_sitenote_category":0,"footnotes":""},"class_list":["post-205","page","type-page","status-publish","has-post-thumbnail","hentry"],"yoast_head":"<!-- This site is optimized with the Yoast SEO plugin v16.6.1 - https:\/\/yoast.com\/wordpress\/plugins\/seo\/ -->\n<meta name=\"description\" content=\"Bienvenue \u00e0 la Maison Eric ROY, Boulangerie P\u00e2tisserie Chocolaterie. Deux boutiques situ\u00e9es \u00e0 Auxerre dans l&#039;Yonne : salon de th\u00e9 et r\u00e9ception\" \/>\n<meta name=\"robots\" content=\"index, follow, max-snippet:-1, max-image-preview:large, max-video-preview:-1\" \/>\n<meta property=\"og:locale\" content=\"fr_FR\" \/>\n<meta property=\"og:type\" content=\"article\" \/>\n<meta property=\"og:title\" content=\"Maison Eric ROY | PATISSERIE BOULANGERIE ROY | Auxerre | Eric Roy | Salon de th\u00e9 | R\u00e9ception\" \/>\n<meta property=\"og:description\" content=\"Bienvenue \u00e0 la Maison Eric ROY, Boulangerie P\u00e2tisserie Chocolaterie. Deux boutiques situ\u00e9es \u00e0 Auxerre dans l&#039;Yonne : salon de th\u00e9 et r\u00e9ception\" \/>\n<meta property=\"og:url\" content=\"https:\/\/eric-roy.eu\/\" \/>\n<meta property=\"og:site_name\" content=\"Maison ROY\" \/>\n<meta property=\"article:modified_time\" content=\"2025-07-25T09:06:49+00:00\" \/>\n<meta property=\"og:image\" content=\"https:\/\/eric-roy.eu\/wp-content\/uploads\/2025\/07\/1-scaled.jpg\" \/>\n\t<meta property=\"og:image:width\" content=\"2560\" \/>\n\t<meta property=\"og:image:height\" content=\"1440\" \/>\n<meta name=\"twitter:card\" content=\"summary\" \/>\n<meta name=\"twitter:label1\" content=\"Dur\u00e9e de lecture est.\" \/>\n\t<meta name=\"twitter:data1\" content=\"2 minutes\" \/>\n<script type=\"application\/ld+json\" class=\"yoast-schema-graph\">{\"@context\":\"https:\/\/schema.org\",\"@graph\":[{\"@type\":\"WebSite\",\"@id\":\"https:\/\/eric-roy.eu\/#website\",\"url\":\"https:\/\/eric-roy.eu\/\",\"name\":\"Maison ROY\",\"description\":\"Tradition et Qualit\\u00e9\",\"potentialAction\":[{\"@type\":\"SearchAction\",\"target\":{\"@type\":\"EntryPoint\",\"urlTemplate\":\"https:\/\/eric-roy.eu\/?s={search_term_string}\"},\"query-input\":\"required name=search_term_string\"}],\"inLanguage\":\"fr-FR\"},{\"@type\":\"ImageObject\",\"@id\":\"https:\/\/eric-roy.eu\/#primaryimage\",\"inLanguage\":\"fr-FR\",\"url\":\"https:\/\/eric-roy.eu\/wp-content\/uploads\/2025\/07\/1-scaled.jpg\",\"contentUrl\":\"https:\/\/eric-roy.eu\/wp-content\/uploads\/2025\/07\/1-scaled.jpg\",\"width\":2560,\"height\":1440},{\"@type\":\"WebPage\",\"@id\":\"https:\/\/eric-roy.eu\/#webpage\",\"url\":\"https:\/\/eric-roy.eu\/\",\"name\":\"Maison Eric ROY | PATISSERIE BOULANGERIE ROY | Auxerre | Eric Roy | Salon de th\\u00e9 | R\\u00e9ception\",\"isPartOf\":{\"@id\":\"https:\/\/eric-roy.eu\/#website\"},\"primaryImageOfPage\":{\"@id\":\"https:\/\/eric-roy.eu\/#primaryimage\"},\"datePublished\":\"2014-05-30T08:42:12+00:00\",\"dateModified\":\"2025-07-25T09:06:49+00:00\",\"description\":\"Bienvenue \\u00e0 la Maison Eric ROY, Boulangerie P\\u00e2tisserie Chocolaterie. Deux boutiques situ\\u00e9es \\u00e0 Auxerre dans l'Yonne : salon de th\\u00e9 et r\\u00e9ception\",\"breadcrumb\":{\"@id\":\"https:\/\/eric-roy.eu\/#breadcrumb\"},\"inLanguage\":\"fr-FR\",\"potentialAction\":[{\"@type\":\"ReadAction\",\"target\":[\"https:\/\/eric-roy.eu\/\"]}]},{\"@type\":\"BreadcrumbList\",\"@id\":\"https:\/\/eric-roy.eu\/#breadcrumb\",\"itemListElement\":[{\"@type\":\"ListItem\",\"position\":1,\"name\":\"Accueil\",\"item\":\"https:\/\/eric-roy.eu\/\"},{\"@type\":\"ListItem\",\"position\":2,\"name\":\"Accueil\"}]}]}<\/script>\n<!-- \/ Yoast SEO plugin. -->","_links":{"self":[{"href":"https:\/\/eric-roy.eu\/index.php\/wp-json\/wp\/v2\/pages\/205","targetHints":{"allow":["GET"]}}],"collection":[{"href":"https:\/\/eric-roy.eu\/index.php\/wp-json\/wp\/v2\/pages"}],"about":[{"href":"https:\/\/eric-roy.eu\/index.php\/wp-json\/wp\/v2\/types\/page"}],"author":[{"embeddable":true,"href":"https:\/\/eric-roy.eu\/index.php\/wp-json\/wp\/v2\/users\/1"}],"replies":[{"embeddable":true,"href":"https:\/\/eric-roy.eu\/index.php\/wp-json\/wp\/v2\/comments?post=205"}],"version-history":[{"count":30,"href":"https:\/\/eric-roy.eu\/index.php\/wp-json\/wp\/v2\/pages\/205\/revisions"}],"predecessor-version":[{"id":1909,"href":"https:\/\/eric-roy.eu\/index.php\/wp-json\/wp\/v2\/pages\/205\/revisions\/1909"}],"wp:featuredmedia":[{"embeddable":true,"href":"https:\/\/eric-roy.eu\/index.php\/wp-json\/wp\/v2\/media\/1919"}],"wp:attachment":[{"href":"https:\/\/eric-roy.eu\/index.php\/wp-json\/wp\/v2\/media?parent=205"}],"curies":[{"name":"wp","href":"https:\/\/api.w.org\/{rel}","templated":true}]}}