{"id":658,"date":"2017-06-08T09:15:28","date_gmt":"2017-06-08T07:15:28","guid":{"rendered":"http:\/\/eric-roy.eu\/?page_id=658"},"modified":"2026-03-30T17:29:47","modified_gmt":"2026-03-30T15:29:47","slug":"patisserie","status":"publish","type":"page","link":"https:\/\/eric-roy.eu\/index.php\/patisserie\/","title":{"rendered":"P\u00e2tisserie"},"content":{"rendered":"<p style=\"text-align: center;\">Notre \u00e9quipe a travaill\u00e9 sur une nouvelle carte in\u00e9dite. Elle sera mise en place \u00e0 partir du 04 avril 2026 jusqu&#8217;au 16 octobre 2026.<\/p>\n<p style=\"text-align: center;\"><a href=\"https:\/\/eric-roy.eu\/wp-content\/uploads\/2026\/03\/ete-2026.pdf\">D\u00e9pliant<\/a><\/p>\n","protected":false},"excerpt":{"rendered":"<p>Notre \u00e9quipe a travaill\u00e9 sur une nouvelle carte in\u00e9dite. Elle sera mise en place \u00e0 partir du 04 avril 2026 jusqu&#8217;au 16 octobre 2026. D\u00e9pliant<\/p>\n","protected":false},"author":1,"featured_media":1939,"parent":0,"menu_order":0,"comment_status":"closed","ping_status":"closed","template":"","meta":{"_exactmetrics_skip_tracking":false,"_exactmetrics_sitenote_active":false,"_exactmetrics_sitenote_note":"","_exactmetrics_sitenote_category":0,"footnotes":""},"class_list":["post-658","page","type-page","status-publish","has-post-thumbnail","hentry"],"yoast_head":"<!-- This site is optimized with the Yoast SEO plugin v16.6.1 - https:\/\/yoast.com\/wordpress\/plugins\/seo\/ -->\n<meta name=\"description\" content=\"C\u00f4t\u00e9 P\u00e2tisserie l Bienvenue \u00e0 la Maison Eric ROY, Boulangerie P\u00e2tisserie Chocolaterie. Deux boutiques situ\u00e9es \u00e0 Auxerre dans l&#039;Yonne\" \/>\n<meta name=\"robots\" content=\"index, follow, max-snippet:-1, max-image-preview:large, max-video-preview:-1\" \/>\n<meta property=\"og:locale\" content=\"fr_FR\" \/>\n<meta property=\"og:type\" content=\"article\" \/>\n<meta property=\"og:title\" content=\"P\u00e2tisserie | Maison Eric ROY | Boulangerie Patisserie Chocolaterie | Auxerre\" \/>\n<meta property=\"og:description\" content=\"C\u00f4t\u00e9 P\u00e2tisserie l Bienvenue \u00e0 la Maison Eric ROY, Boulangerie P\u00e2tisserie Chocolaterie. Deux boutiques situ\u00e9es \u00e0 Auxerre dans l&#039;Yonne\" \/>\n<meta property=\"og:url\" content=\"https:\/\/eric-roy.eu\/index.php\/patisserie\/\" \/>\n<meta property=\"og:site_name\" content=\"Maison ROY\" \/>\n<meta property=\"article:modified_time\" content=\"2026-03-30T15:29:47+00:00\" \/>\n<meta property=\"og:image\" content=\"https:\/\/eric-roy.eu\/wp-content\/uploads\/2025\/10\/roy-auxerre-patisserie-chocolat-gateau-fruit-tarte-gourmandise-eric-pecan-vanille-pecan-pomme-tatin-citron-cappuccino-scaled.jpg\" \/>\n\t<meta property=\"og:image:width\" content=\"2560\" \/>\n\t<meta property=\"og:image:height\" content=\"1599\" \/>\n<meta name=\"twitter:card\" content=\"summary\" \/>\n<meta name=\"twitter:label1\" content=\"Dur\u00e9e de lecture est.\" \/>\n\t<meta name=\"twitter:data1\" content=\"1 minute\" \/>\n<script type=\"application\/ld+json\" class=\"yoast-schema-graph\">{\"@context\":\"https:\/\/schema.org\",\"@graph\":[{\"@type\":\"WebSite\",\"@id\":\"https:\/\/eric-roy.eu\/#website\",\"url\":\"https:\/\/eric-roy.eu\/\",\"name\":\"Maison ROY\",\"description\":\"Tradition et Qualit\\u00e9\",\"potentialAction\":[{\"@type\":\"SearchAction\",\"target\":{\"@type\":\"EntryPoint\",\"urlTemplate\":\"https:\/\/eric-roy.eu\/?s={search_term_string}\"},\"query-input\":\"required name=search_term_string\"}],\"inLanguage\":\"fr-FR\"},{\"@type\":\"ImageObject\",\"@id\":\"https:\/\/eric-roy.eu\/index.php\/patisserie\/#primaryimage\",\"inLanguage\":\"fr-FR\",\"url\":\"https:\/\/eric-roy.eu\/wp-content\/uploads\/2025\/10\/roy-auxerre-patisserie-chocolat-gateau-fruit-tarte-gourmandise-eric-pecan-vanille-pecan-pomme-tatin-citron-cappuccino-scaled.jpg\",\"contentUrl\":\"https:\/\/eric-roy.eu\/wp-content\/uploads\/2025\/10\/roy-auxerre-patisserie-chocolat-gateau-fruit-tarte-gourmandise-eric-pecan-vanille-pecan-pomme-tatin-citron-cappuccino-scaled.jpg\",\"width\":2560,\"height\":1599},{\"@type\":\"WebPage\",\"@id\":\"https:\/\/eric-roy.eu\/index.php\/patisserie\/#webpage\",\"url\":\"https:\/\/eric-roy.eu\/index.php\/patisserie\/\",\"name\":\"P\\u00e2tisserie | Maison Eric ROY | Boulangerie Patisserie Chocolaterie | Auxerre\",\"isPartOf\":{\"@id\":\"https:\/\/eric-roy.eu\/#website\"},\"primaryImageOfPage\":{\"@id\":\"https:\/\/eric-roy.eu\/index.php\/patisserie\/#primaryimage\"},\"datePublished\":\"2017-06-08T07:15:28+00:00\",\"dateModified\":\"2026-03-30T15:29:47+00:00\",\"description\":\"C\\u00f4t\\u00e9 P\\u00e2tisserie l Bienvenue \\u00e0 la Maison Eric ROY, Boulangerie P\\u00e2tisserie Chocolaterie. Deux boutiques situ\\u00e9es \\u00e0 Auxerre dans l'Yonne\",\"breadcrumb\":{\"@id\":\"https:\/\/eric-roy.eu\/index.php\/patisserie\/#breadcrumb\"},\"inLanguage\":\"fr-FR\",\"potentialAction\":[{\"@type\":\"ReadAction\",\"target\":[\"https:\/\/eric-roy.eu\/index.php\/patisserie\/\"]}]},{\"@type\":\"BreadcrumbList\",\"@id\":\"https:\/\/eric-roy.eu\/index.php\/patisserie\/#breadcrumb\",\"itemListElement\":[{\"@type\":\"ListItem\",\"position\":1,\"name\":\"Accueil\",\"item\":\"https:\/\/eric-roy.eu\/\"},{\"@type\":\"ListItem\",\"position\":2,\"name\":\"P\\u00e2tisserie\"}]}]}<\/script>\n<!-- \/ Yoast SEO plugin. -->","_links":{"self":[{"href":"https:\/\/eric-roy.eu\/index.php\/wp-json\/wp\/v2\/pages\/658","targetHints":{"allow":["GET"]}}],"collection":[{"href":"https:\/\/eric-roy.eu\/index.php\/wp-json\/wp\/v2\/pages"}],"about":[{"href":"https:\/\/eric-roy.eu\/index.php\/wp-json\/wp\/v2\/types\/page"}],"author":[{"embeddable":true,"href":"https:\/\/eric-roy.eu\/index.php\/wp-json\/wp\/v2\/users\/1"}],"replies":[{"embeddable":true,"href":"https:\/\/eric-roy.eu\/index.php\/wp-json\/wp\/v2\/comments?post=658"}],"version-history":[{"count":28,"href":"https:\/\/eric-roy.eu\/index.php\/wp-json\/wp\/v2\/pages\/658\/revisions"}],"predecessor-version":[{"id":1958,"href":"https:\/\/eric-roy.eu\/index.php\/wp-json\/wp\/v2\/pages\/658\/revisions\/1958"}],"wp:featuredmedia":[{"embeddable":true,"href":"https:\/\/eric-roy.eu\/index.php\/wp-json\/wp\/v2\/media\/1939"}],"wp:attachment":[{"href":"https:\/\/eric-roy.eu\/index.php\/wp-json\/wp\/v2\/media?parent=658"}],"curies":[{"name":"wp","href":"https:\/\/api.w.org\/{rel}","templated":true}]}}