{"id":674,"date":"2017-06-08T09:25:19","date_gmt":"2017-06-08T07:25:19","guid":{"rendered":"http:\/\/eric-roy.eu\/?page_id=674"},"modified":"2025-07-24T14:35:44","modified_gmt":"2025-07-24T12:35:44","slug":"reception","status":"publish","type":"page","link":"https:\/\/eric-roy.eu\/index.php\/reception\/","title":{"rendered":"R\u00e9ception"},"content":{"rendered":"<h2 style=\"text-align: center;\">un\u00a0\u00e9v\u00e8nement sur mesure, <strong>votre mariage<br \/>\n<\/strong><\/h2>\n<div class=\"txt_contenu fiche-desc vsy view-on\">\n<p>Nous nous sommes <strong>sp\u00e9cialis\u00e9s dans le mariage<\/strong>, notre capacit\u00e9 \u00e0 nous remettre en question et \u00e0 cr\u00e9er est notre force. De la <strong>pi\u00e8ce mont\u00e9e<\/strong> au <strong>Wedding-cake,<\/strong> en passant par les entremets classiques, ainsi que par les pyramides de <strong>macarons<\/strong> qui ne vous laisserons pas indiff\u00e9rents, nous pouvons tout r\u00e9aliser !<\/p>\n<p>Ce qui nous int\u00e9resse, c\u2019est la <strong>personnalisation<\/strong>. Chaque mariage est unique et les demandes de nos <strong>futurs mari\u00e9s<\/strong> nous am\u00e8nent sans cesse \u00e0 nous d\u00e9passer, \u00e0 repousser nos limites par la cr\u00e9ation.<\/p>\n<p>Nous accompagnons\u00a0les futurs \u00e9poux, du premier rendez-vous o\u00f9 seront choisies les douceurs qui scelleront leur union, \u00e0 la livraison.<\/p>\n<p>En fonction de la demande initiale, nous cr\u00e9ons et nous nous adaptons au fur et \u00e0 mesure de la<strong> cr\u00e9ation<\/strong> et du <strong>montage<\/strong> pour offrir le travail le plus abouti.<\/p>\n<p>&nbsp;<\/p>\n<h2 style=\"text-align: center;\">Nos autreS prestations<\/h2>\n<div class=\"txt_contenu fiche-desc vsy view-on\">\n<p>Nous\u00a0r\u00e9alisons des cocktails\u00a0quel que soit\u00a0l&#8217;\u00e9v\u00e8nement.\u00a0Que vous soyez professionnel ou particulier, nous vous proposerons des mignardises sal\u00e9es et sucr\u00e9es.<\/p>\n<\/div>\n<p>Le brunch est \u00e9galement une opportunit\u00e9 de faire d\u00e9couvrir des produits de la r\u00e9gion, et maison \u00e0 vos invit\u00e9s.<\/p>\n<div class=\"txt_contenu fiche-desc vsy view-on\">\n<p>Un bapt\u00eame ? Notre choix de pi\u00e8ce mont\u00e9e est tr\u00e8s vari\u00e9.<\/p>\n<p>N&#8217;h\u00e9sitez\u00a0pas \u00e0 nous contacter, nous sommes \u00e0 votre disposition pour r\u00e9pondre au mieux \u00e0 vos attentes.<\/p>\n<p>&nbsp;<\/p>\n<\/div>\n<\/div>\n<h2 style=\"text-align: center;\">nos r\u00e9alisations<\/h2>\n<div class=\"galcenter\"><section id=\"huge_it_gallery_content_9\" class=\"gallery-img-content\"\n         data-rating-type=\"off\" style=\"position: relative\">\n\t<div id=\"ph-gallery-wp-loading-icon\"><\/div>\n\t<div style=\"visibility: hidden\" id=\"ph-g-wp_gallery_container_9\"\n\t     data-show-center=\"no\"\n\t     class=\"ph-gallery-wp-loading-class ph-g-wp_gallery_container super-list variable-sizes clearfix view-lightbox-gallery\">\n\t\t<div id=\"ph-g-wp_gallery_container_moving_9\" class=\"super-list variable-sizes clearfix\">\n\t\t\t<input type=\"hidden\" class=\"pagenum\" value=\"1\"\/>\n\t\t\t\t\t\t<input type=\"hidden\" id=\"total\" value=\"2\"\/>\n\t\t\t\t\t\t\t<div class=\"ph_element ph_element_9\" tabindex=\"0\" data-symbol=\"Pi\u00e8ce mont\u00e9e Capucine\" data-category=\"alkaline-earth\">\n\t\t\t\t\t<div class=\"image-block_9\">\n\t\t\t\t\t\t\t\t\t\t\t\t\t\t\t\t\t\t\t\t\t\t\t\t\t\t\t\t\t\t<a href=\"https:\/\/eric-roy.eu\/wp-content\/uploads\/2025\/04\/piece-montee-capucine-40-pers-scaled-e1743672392897.jpg\"\n\t\t\t\t\t\t\t\t   title=\"Pi\u00e8ce mont\u00e9e Capucine\" class=\"ph-lightbox\"><img\n\t\t\t\t\t\t\t\t\t\talt=\"Pi\u00e8ce mont\u00e9e Capucine\"\n\t\t\t\t\t\t\t\t\t\tid=\"wd-cl-img0\"\n\t\t\t\t\t\t\t\t\t\ttitle=\"Pi\u00e8ce mont\u00e9e Capucine\"\n\t\t\t\t\t\t\t\t\t\tsrc=\"https:\/\/eric-roy.eu\/wp-content\/uploads\/2025\/04\/piece-montee-capucine-40-pers-scaled-e1743672392897.jpg\"\/><\/a>\n\t\t\t\t\t\t\t\t\t\t\t\t\t\t\t\t\t\t\t\t<\/div>\n\t\t\t\t\t\t\t\t\t\t\t\t\t\t\t\t<div class=\"title-block_9\">\n\t\t\t\t\t\t\t\t\t\t\t\t\t\t\tPi\u00e8ce mont\u00e9e Capucine\t\t\t\t\t\t\t\t\t\t\t\t\t\t<\/div>\n\t\t\t\t\t\t\t\t\t<\/div>\n\t\t\t\t\t\t\t\t<div class=\"ph_element ph_element_9\" tabindex=\"0\" data-symbol=\"Pi\u00e8ce mont\u00e9e Constance\" data-category=\"alkaline-earth\">\n\t\t\t\t\t<div class=\"image-block_9\">\n\t\t\t\t\t\t\t\t\t\t\t\t\t\t\t\t\t\t\t\t\t\t\t\t\t\t\t\t\t\t<a href=\"https:\/\/eric-roy.eu\/wp-content\/uploads\/2020\/10\/maison-ericroy-auxerre-choux-mariage-piece-constance-e1603198782210.jpg\"\n\t\t\t\t\t\t\t\t   title=\"Pi\u00e8ce mont\u00e9e Constance\" class=\"ph-lightbox\"><img\n\t\t\t\t\t\t\t\t\t\talt=\"Pi\u00e8ce mont\u00e9e Constance\"\n\t\t\t\t\t\t\t\t\t\tid=\"wd-cl-img1\"\n\t\t\t\t\t\t\t\t\t\ttitle=\"Pi\u00e8ce mont\u00e9e Constance\"\n\t\t\t\t\t\t\t\t\t\tsrc=\"https:\/\/eric-roy.eu\/wp-content\/uploads\/2020\/10\/maison-ericroy-auxerre-choux-mariage-piece-constance-e1603198782210.jpg\"\/><\/a>\n\t\t\t\t\t\t\t\t\t\t\t\t\t\t\t\t\t\t\t\t<\/div>\n\t\t\t\t\t\t\t\t\t\t\t\t\t\t\t\t<div class=\"title-block_9\">\n\t\t\t\t\t\t\t\t\t\t\t\t\t\t\tPi\u00e8ce mont\u00e9e Constance\t\t\t\t\t\t\t\t\t\t\t\t\t\t<\/div>\n\t\t\t\t\t\t\t\t\t<\/div>\n\t\t\t\t\t\t\t\t<div class=\"ph_element ph_element_9\" tabindex=\"0\" data-symbol=\"Wedding Cake - Finition Cr\u00e8me\" data-category=\"alkaline-earth\">\n\t\t\t\t\t<div class=\"image-block_9\">\n\t\t\t\t\t\t\t\t\t\t\t\t\t\t\t\t\t\t\t\t\t\t\t\t\t\t\t\t\t\t<a href=\"https:\/\/eric-roy.eu\/wp-content\/uploads\/2023\/10\/wedding-cake-65-pers-e1697296565612.jpg\"\n\t\t\t\t\t\t\t\t   title=\"Wedding Cake - Finition Cr\u00e8me\" class=\"ph-lightbox\"><img\n\t\t\t\t\t\t\t\t\t\talt=\"Wedding Cake - Finition Cr\u00e8me\"\n\t\t\t\t\t\t\t\t\t\tid=\"wd-cl-img2\"\n\t\t\t\t\t\t\t\t\t\ttitle=\"Wedding Cake - Finition Cr\u00e8me\"\n\t\t\t\t\t\t\t\t\t\tsrc=\"https:\/\/eric-roy.eu\/wp-content\/uploads\/2023\/10\/wedding-cake-65-pers-e1697296565612.jpg\"\/><\/a>\n\t\t\t\t\t\t\t\t\t\t\t\t\t\t\t\t\t\t\t\t<\/div>\n\t\t\t\t\t\t\t\t\t\t\t\t\t\t\t\t<div class=\"title-block_9\">\n\t\t\t\t\t\t\t\t\t\t\t\t\t\t\tWedding Cake - Finition Cr\u00e8me\t\t\t\t\t\t\t\t\t\t\t\t\t\t<\/div>\n\t\t\t\t\t\t\t\t\t<\/div>\n\t\t\t\t\t\t\t\t<div class=\"ph_element ph_element_9\" tabindex=\"0\" data-symbol=\"\" data-category=\"alkaline-earth\">\n\t\t\t\t\t<div class=\"image-block_9\">\n\t\t\t\t\t\t\t\t\t\t\t\t\t\t\t\t\t\t\t\t\t\t\t\t\t\t\t\t\t\t<a href=\"http:\/\/eric-roy.eu\/wp-content\/uploads\/2017\/06\/maison-eric-roy-auxerre-reception-mariage-piece-montee-e1511591496875.jpg\"\n\t\t\t\t\t\t\t\t   title=\"\" class=\"ph-lightbox\"><img\n\t\t\t\t\t\t\t\t\t\talt=\"\"\n\t\t\t\t\t\t\t\t\t\tid=\"wd-cl-img3\"\n\t\t\t\t\t\t\t\t\t\ttitle=\"\"\n\t\t\t\t\t\t\t\t\t\tsrc=\"http:\/\/eric-roy.eu\/wp-content\/uploads\/2017\/06\/maison-eric-roy-auxerre-reception-mariage-piece-montee-e1511591496875.jpg\"\/><\/a>\n\t\t\t\t\t\t\t\t\t\t\t\t\t\t\t\t\t\t\t\t<\/div>\n\t\t\t\t\t\t\t\t\t\t\t\t\t\t<\/div>\n\t\t\t\t\t\t\t\t<div class=\"ph_element ph_element_9\" tabindex=\"0\" data-symbol=\"Naked-cake\" data-category=\"alkaline-earth\">\n\t\t\t\t\t<div class=\"image-block_9\">\n\t\t\t\t\t\t\t\t\t\t\t\t\t\t\t\t\t\t\t\t\t\t\t\t\t\t\t\t\t\t<a href=\"http:\/\/eric-roy.eu\/wp-content\/uploads\/2017\/11\/maison-eric-roy-patisserie-auxerre-mariage-naked-cake-gateau-e1511794913175.jpg\"\n\t\t\t\t\t\t\t\t   title=\"Naked-cake\" class=\"ph-lightbox\"><img\n\t\t\t\t\t\t\t\t\t\talt=\"Naked-cake\"\n\t\t\t\t\t\t\t\t\t\tid=\"wd-cl-img4\"\n\t\t\t\t\t\t\t\t\t\ttitle=\"Naked-cake\"\n\t\t\t\t\t\t\t\t\t\tsrc=\"http:\/\/eric-roy.eu\/wp-content\/uploads\/2017\/11\/maison-eric-roy-patisserie-auxerre-mariage-naked-cake-gateau-e1511794913175.jpg\"\/><\/a>\n\t\t\t\t\t\t\t\t\t\t\t\t\t\t\t\t\t\t\t\t<\/div>\n\t\t\t\t\t\t\t\t\t\t\t\t\t\t\t\t<div class=\"title-block_9\">\n\t\t\t\t\t\t\t\t\t\t\t\t\t\t\tNaked-cake\t\t\t\t\t\t\t\t\t\t\t\t\t\t<\/div>\n\t\t\t\t\t\t\t\t\t<\/div>\n\t\t\t\t\t\t\t\t<div class=\"ph_element ph_element_9\" tabindex=\"0\" data-symbol=\"Mini goug\u00e8re\" data-category=\"alkaline-earth\">\n\t\t\t\t\t<div class=\"image-block_9\">\n\t\t\t\t\t\t\t\t\t\t\t\t\t\t\t\t\t\t\t\t\t\t\t\t\t\t\t\t\t\t<a href=\"http:\/\/eric-roy.eu\/wp-content\/uploads\/2017\/11\/patisserie-eric-roy-salee-mini-gougere-reception-traiteur-auxerre-e1511795133666.jpg\"\n\t\t\t\t\t\t\t\t   title=\"Mini goug\u00e8re\" class=\"ph-lightbox\"><img\n\t\t\t\t\t\t\t\t\t\talt=\"Mini goug\u00e8re\"\n\t\t\t\t\t\t\t\t\t\tid=\"wd-cl-img5\"\n\t\t\t\t\t\t\t\t\t\ttitle=\"Mini goug\u00e8re\"\n\t\t\t\t\t\t\t\t\t\tsrc=\"http:\/\/eric-roy.eu\/wp-content\/uploads\/2017\/11\/patisserie-eric-roy-salee-mini-gougere-reception-traiteur-auxerre-e1511795133666.jpg\"\/><\/a>\n\t\t\t\t\t\t\t\t\t\t\t\t\t\t\t\t\t\t\t\t<\/div>\n\t\t\t\t\t\t\t\t\t\t\t\t\t\t\t\t<div class=\"title-block_9\">\n\t\t\t\t\t\t\t\t\t\t\t\t\t\t\tMini goug\u00e8re\t\t\t\t\t\t\t\t\t\t\t\t\t\t<\/div>\n\t\t\t\t\t\t\t\t\t<\/div>\n\t\t\t\t\t\t\t\t<div class=\"ph_element ph_element_9\" tabindex=\"0\" data-symbol=\"Navette\" data-category=\"alkaline-earth\">\n\t\t\t\t\t<div class=\"image-block_9\">\n\t\t\t\t\t\t\t\t\t\t\t\t\t\t\t\t\t\t\t\t\t\t\t\t\t\t\t\t\t\t<a href=\"http:\/\/eric-roy.eu\/wp-content\/uploads\/2017\/11\/patisserie-eric-roy-salee-navette-legume-reception-traiteur-auxerre-e1511795102825.jpg\"\n\t\t\t\t\t\t\t\t   title=\"Navette\" class=\"ph-lightbox\"><img\n\t\t\t\t\t\t\t\t\t\talt=\"Navette\"\n\t\t\t\t\t\t\t\t\t\tid=\"wd-cl-img6\"\n\t\t\t\t\t\t\t\t\t\ttitle=\"Navette\"\n\t\t\t\t\t\t\t\t\t\tsrc=\"http:\/\/eric-roy.eu\/wp-content\/uploads\/2017\/11\/patisserie-eric-roy-salee-navette-legume-reception-traiteur-auxerre-e1511795102825.jpg\"\/><\/a>\n\t\t\t\t\t\t\t\t\t\t\t\t\t\t\t\t\t\t\t\t<\/div>\n\t\t\t\t\t\t\t\t\t\t\t\t\t\t\t\t<div class=\"title-block_9\">\n\t\t\t\t\t\t\t\t\t\t\t\t\t\t\tNavette\t\t\t\t\t\t\t\t\t\t\t\t\t\t<\/div>\n\t\t\t\t\t\t\t\t\t<\/div>\n\t\t\t\t\t\t<\/div>\n\t\t<div style=\"clear:both;\"><\/div>\n\t<\/div>\n\t<\/section><style>\n.gallery-img-content a{\n    border-bottom: none;\n}\n.ph_element_9 {\n    position: relative;\n    max-width: 100%;\n    width: 250px;\n    margin:0 10px 10px 0;\n    border:0px solid #EEEEEE;\n    border-radius:3px;\n    outline:none;\n    overflow:hidden;\n}\n.ph_element_9 .image-block_9 {\n    position:relative;\n    width: 100%;\n}\n.ph_element_9 .image-block_9 a {display:block;}\n.ph_element_9 .image-block_9 img {\n    width: 100%;\n    max-width:250px !important;\n    height:auto;\n    display:block;\n    border-radius: 0 !important;\n    box-shadow: 0 0 0 rgba(0, 0, 0, 0) !important;\n}\n.ph_element_9 .image-block_9 img:hover {\n    cursor: -webkit-zoom-in; cursor: -moz-zoom-in;\n}\n.ph_element_9 .image-block_9 .play-icon {\n    position:absolute;\n    top:0;\n    left:0;\n    width:100%;\n    height:100%;\n}\n\n.ph_element_9:hover .title-block_9 {bottom:0;}\n.ph_element_9 .title-block_9 a, .ph_element_9 .title-block_9 a:link, .ph_element_9 .title-block_9 a:visited, .ph_element_9 .title-block_9 {\n    position:relative;\n    margin:0;\n    padding:0 1% 0 2%;\n    width:97%;\n    text-decoration:none !important;\n    text-overflow: ellipsis;\n    overflow: hidden;\n    white-space:nowrap;\n    z-index:20;\n    font-size: 16px;\n    color:#0074A2;\n    font-weight:normal;\n}\n\n.ph_element_9 .image-block_9  .play-icon.youtube-icon {background:url(https:\/\/eric-roy.eu\/wp-content\/plugins\/gallery-and-caption\/assets\/images\/admin_images\/play.youtube.png) center center no-repeat;}\n.ph_element_9 .image-block_9  .play-icon.vimeo-icon {background:url(https:\/\/eric-roy.eu\/wp-content\/plugins\/gallery-and-caption\/assets\/images\/admin_images\/play.vimeo.png) center center no-repeat;}\n.ph_element_9 .title-block_9 {\n    position:absolute;\n    left:0;\n    width:100%;\n    padding-top:5px;\n    height: 36px;\n    bottom:-41px;\n    background: rgba(0,0,0,0.8)  !important;\n    -webkit-transition: bottom 0.3s ease-out 0.1s;\n    -moz-transition: bottom 0.3s ease-out 0.1s;\n    -o-transition: bottom 0.3s ease-out 0.1s;\n    transition: bottom 0.3s ease-out 0.1s;\n}\n.ph_element_9 .title-block_9 a:hover, .ph_element_9 .title-block_9 a:focus, .element_9 .title-block_9 a:active {\n    color:#2EA2CD;\n    text-decoration:none;\n}\n.load_more4 {\n    margin: 10px 0;\n    position:relative;\n    text-align:center;\n    width:100%;\n}\n.load_more_button4 {\n    border-radius: 10px;\n    display:inline-block;\n    padding:5px 15px;\n    font-size:16px !important;;\n    color:#FF0D0D !important;;\n    background:#5CADFF !important;\n    cursor:pointer;\n}\n.load_more_button4:hover{\n    color:#FF0D0D !important;\n    background:#99C5FF !important;\n}\n.loading4 {\n    display:none;\n}\n.paginate4{\n    font-size:19px !important;\n    color:#FF2C2C !important;\n    text-align: center;\n    margin-top: 25px;\n}\n.paginate4 a{\n    border-bottom: none !important;\n}\n.icon-style4{\n    font-size: 21px !important;\n    color:#B82020 !important;\n}\n.clear{\n    clear:both;\n}\n@media screen and (max-width: 480px){\n    .element_9{\n        max-width:100% !important;\n    }\n}\n#ph-gallery-wp-loading-icon {\n    width: 100%;\n    height: 100%;\n    position: absolute;\n    z-index: 1;\n    background:  url(https:\/\/eric-roy.eu\/wp-content\/plugins\/gallery-and-caption\/assets\/images\/loading\/loading-0.svg) center top ;\n    background-repeat: no-repeat;\n    background-size: 60px auto;\n}\n<\/style><\/div>\n","protected":false},"excerpt":{"rendered":"<p>un\u00a0\u00e9v\u00e8nement sur mesure, votre mariage Nous nous sommes sp\u00e9cialis\u00e9s dans le mariage, notre capacit\u00e9 \u00e0 nous remettre en question et \u00e0 cr\u00e9er est notre force. De la pi\u00e8ce mont\u00e9e au Wedding-cake, en passant par les entremets classiques, ainsi que par les pyramides de macarons qui ne vous laisserons pas indiff\u00e9rents, nous pouvons tout r\u00e9aliser !..<\/p>\n","protected":false},"author":1,"featured_media":1041,"parent":0,"menu_order":0,"comment_status":"closed","ping_status":"closed","template":"","meta":{"_exactmetrics_skip_tracking":false,"_exactmetrics_sitenote_active":false,"_exactmetrics_sitenote_note":"","_exactmetrics_sitenote_category":0,"footnotes":""},"class_list":["post-674","page","type-page","status-publish","has-post-thumbnail","hentry"],"yoast_head":"<!-- This site is optimized with the Yoast SEO plugin v16.6.1 - https:\/\/yoast.com\/wordpress\/plugins\/seo\/ -->\n<meta name=\"description\" content=\"Sp\u00e9cialiste dans l&#039;organisation de vos r\u00e9ception particuliers et professionnels dans l&#039;Yonne, la Maison Eric ROY organise vos r\u00e9ceptions, mariages, bapt\u00eames\" \/>\n<meta name=\"robots\" content=\"index, follow, max-snippet:-1, max-image-preview:large, max-video-preview:-1\" \/>\n<meta property=\"og:locale\" content=\"fr_FR\" \/>\n<meta property=\"og:type\" content=\"article\" \/>\n<meta property=\"og:title\" content=\"Reception | Maison Eric ROY | Ev\u00e9nement particulier et professionnel dans l&#039;Yonne\" \/>\n<meta property=\"og:description\" content=\"Sp\u00e9cialiste dans l&#039;organisation de vos r\u00e9ception particuliers et professionnels dans l&#039;Yonne, la Maison Eric ROY organise vos r\u00e9ceptions, mariages, bapt\u00eames\" \/>\n<meta property=\"og:url\" content=\"https:\/\/eric-roy.eu\/index.php\/reception\/\" \/>\n<meta property=\"og:site_name\" content=\"Maison ROY\" \/>\n<meta property=\"article:modified_time\" content=\"2025-07-24T12:35:44+00:00\" \/>\n<meta property=\"og:image\" content=\"https:\/\/eric-roy.eu\/wp-content\/uploads\/2017\/11\/patisserie-roy-auxerre-weeding-cake-rose-2-1.jpg\" \/>\n\t<meta property=\"og:image:width\" content=\"533\" \/>\n\t<meta property=\"og:image:height\" content=\"800\" \/>\n<meta name=\"twitter:card\" content=\"summary\" \/>\n<meta name=\"twitter:label1\" content=\"Dur\u00e9e de lecture est.\" \/>\n\t<meta name=\"twitter:data1\" content=\"1 minute\" \/>\n<script type=\"application\/ld+json\" class=\"yoast-schema-graph\">{\"@context\":\"https:\/\/schema.org\",\"@graph\":[{\"@type\":\"WebSite\",\"@id\":\"https:\/\/eric-roy.eu\/#website\",\"url\":\"https:\/\/eric-roy.eu\/\",\"name\":\"Maison ROY\",\"description\":\"Tradition et Qualit\\u00e9\",\"potentialAction\":[{\"@type\":\"SearchAction\",\"target\":{\"@type\":\"EntryPoint\",\"urlTemplate\":\"https:\/\/eric-roy.eu\/?s={search_term_string}\"},\"query-input\":\"required name=search_term_string\"}],\"inLanguage\":\"fr-FR\"},{\"@type\":\"ImageObject\",\"@id\":\"https:\/\/eric-roy.eu\/index.php\/reception\/#primaryimage\",\"inLanguage\":\"fr-FR\",\"url\":\"https:\/\/eric-roy.eu\/wp-content\/uploads\/2017\/11\/patisserie-roy-auxerre-weeding-cake-rose-2-1.jpg\",\"contentUrl\":\"https:\/\/eric-roy.eu\/wp-content\/uploads\/2017\/11\/patisserie-roy-auxerre-weeding-cake-rose-2-1.jpg\",\"width\":533,\"height\":800},{\"@type\":\"WebPage\",\"@id\":\"https:\/\/eric-roy.eu\/index.php\/reception\/#webpage\",\"url\":\"https:\/\/eric-roy.eu\/index.php\/reception\/\",\"name\":\"Reception | Maison Eric ROY | Ev\\u00e9nement particulier et professionnel dans l'Yonne\",\"isPartOf\":{\"@id\":\"https:\/\/eric-roy.eu\/#website\"},\"primaryImageOfPage\":{\"@id\":\"https:\/\/eric-roy.eu\/index.php\/reception\/#primaryimage\"},\"datePublished\":\"2017-06-08T07:25:19+00:00\",\"dateModified\":\"2025-07-24T12:35:44+00:00\",\"description\":\"Sp\\u00e9cialiste dans l'organisation de vos r\\u00e9ception particuliers et professionnels dans l'Yonne, la Maison Eric ROY organise vos r\\u00e9ceptions, mariages, bapt\\u00eames\",\"breadcrumb\":{\"@id\":\"https:\/\/eric-roy.eu\/index.php\/reception\/#breadcrumb\"},\"inLanguage\":\"fr-FR\",\"potentialAction\":[{\"@type\":\"ReadAction\",\"target\":[\"https:\/\/eric-roy.eu\/index.php\/reception\/\"]}]},{\"@type\":\"BreadcrumbList\",\"@id\":\"https:\/\/eric-roy.eu\/index.php\/reception\/#breadcrumb\",\"itemListElement\":[{\"@type\":\"ListItem\",\"position\":1,\"name\":\"Accueil\",\"item\":\"https:\/\/eric-roy.eu\/\"},{\"@type\":\"ListItem\",\"position\":2,\"name\":\"R\\u00e9ception\"}]}]}<\/script>\n<!-- \/ Yoast SEO plugin. -->","_links":{"self":[{"href":"https:\/\/eric-roy.eu\/index.php\/wp-json\/wp\/v2\/pages\/674","targetHints":{"allow":["GET"]}}],"collection":[{"href":"https:\/\/eric-roy.eu\/index.php\/wp-json\/wp\/v2\/pages"}],"about":[{"href":"https:\/\/eric-roy.eu\/index.php\/wp-json\/wp\/v2\/types\/page"}],"author":[{"embeddable":true,"href":"https:\/\/eric-roy.eu\/index.php\/wp-json\/wp\/v2\/users\/1"}],"replies":[{"embeddable":true,"href":"https:\/\/eric-roy.eu\/index.php\/wp-json\/wp\/v2\/comments?post=674"}],"version-history":[{"count":15,"href":"https:\/\/eric-roy.eu\/index.php\/wp-json\/wp\/v2\/pages\/674\/revisions"}],"predecessor-version":[{"id":1910,"href":"https:\/\/eric-roy.eu\/index.php\/wp-json\/wp\/v2\/pages\/674\/revisions\/1910"}],"wp:featuredmedia":[{"embeddable":true,"href":"https:\/\/eric-roy.eu\/index.php\/wp-json\/wp\/v2\/media\/1041"}],"wp:attachment":[{"href":"https:\/\/eric-roy.eu\/index.php\/wp-json\/wp\/v2\/media?parent=674"}],"curies":[{"name":"wp","href":"https:\/\/api.w.org\/{rel}","templated":true}]}}